{"id":1441,"date":"2025-01-16T11:05:40","date_gmt":"2025-01-16T10:05:40","guid":{"rendered":"https:\/\/witfrance.com\/?page_id=1441"},"modified":"2025-03-19T11:14:58","modified_gmt":"2025-03-19T10:14:58","slug":"1441-2","status":"publish","type":"page","link":"https:\/\/witfrance.com\/en\/1441-2\/","title":{"rendered":"Valeurs Nutritionnelles Tutiac 2024"},"content":{"rendered":"\n[et_pb_section fb_built=\u00a0\u00bb1&Prime; _builder_version=\u00a0\u00bb4.27.0&Prime; _module_preset=\u00a0\u00bbdefault\u00a0\u00bb custom_padding=\u00a0\u00bb45px||0px|||\u00a0\u00bb global_colors_info=\u00a0\u00bb{}\u00a0\u00bb][et_pb_row _builder_version=\u00a0\u00bb4.27.0&Prime; _module_preset=\u00a0\u00bbdefault\u00a0\u00bb min_height=\u00a0\u00bb100.5px\u00a0\u00bb custom_padding=\u00a0\u00bb||6px|||\u00a0\u00bb global_colors_info=\u00a0\u00bb{}\u00a0\u00bb][et_pb_column type=\u00a0\u00bb4_4&Prime; _builder_version=\u00a0\u00bb4.27.0&Prime; _module_preset=\u00a0\u00bbdefault\u00a0\u00bb global_colors_info=\u00a0\u00bb{}\u00a0\u00bb][et_pb_text _builder_version=\u00a0\u00bb4.27.0&Prime; _module_preset=\u00a0\u00bbdefault\u00a0\u00bb global_colors_info=\u00a0\u00bb{}\u00a0\u00bb custom_margin=\u00a0\u00bb-28px|||||\u00a0\u00bb]<h1><strong>Tutiac<\/strong><\/h1>\n<h3><strong>AOP Bordeaux, Sauvignon Blanc 2024<\/strong><\/h3>[\/et_pb_text][\/et_pb_column][\/et_pb_row][\/et_pb_section][et_pb_section fb_built=\u00a0\u00bb1&Prime; _builder_version=\u00a0\u00bb4.27.0&Prime; _module_preset=\u00a0\u00bbdefault\u00a0\u00bb custom_padding=\u00a0\u00bb0px||4px|||\u00a0\u00bb global_colors_info=\u00a0\u00bb{}\u00a0\u00bb][et_pb_row column_structure=\u00a0\u00bb1_2,1_2&Prime; _builder_version=\u00a0\u00bb4.27.0&Prime; _module_preset=\u00a0\u00bbdefault\u00a0\u00bb custom_padding=\u00a0\u00bb23px||0px|||\u00a0\u00bb global_colors_info=\u00a0\u00bb{}\u00a0\u00bb][et_pb_column type=\u00a0\u00bb1_2&Prime; _builder_version=\u00a0\u00bb4.27.0&Prime; _module_preset=\u00a0\u00bbdefault\u00a0\u00bb global_colors_info=\u00a0\u00bb{}\u00a0\u00bb][et_pb_image src=\u00a0\u00bbhttps:\/\/witfrance.com\/wp-content\/uploads\/2025\/01\/logo_tutiac.png\u00a0\u00bb title_text=\u00a0\u00bblogo_tutiac\u00a0\u00bb _builder_version=\u00a0\u00bb4.27.0&Prime; _module_preset=\u00a0\u00bbdefault\u00a0\u00bb width=\u00a0\u00bb70%\u00a0\u00bb max_width=\u00a0\u00bb70%\u00a0\u00bb global_colors_info=\u00a0\u00bb{}\u00a0\u00bb][\/et_pb_image][\/et_pb_column][et_pb_column type=\u00a0\u00bb1_2&Prime; _builder_version=\u00a0\u00bb4.27.0&Prime; _module_preset=\u00a0\u00bbdefault\u00a0\u00bb global_colors_info=\u00a0\u00bb{}\u00a0\u00bb][et_pb_text _builder_version=\u00a0\u00bb4.27.0&Prime; _module_preset=\u00a0\u00bbdefault\u00a0\u00bb global_colors_info=\u00a0\u00bb{}\u00a0\u00bb]<p><strong>Quantit\u00e9<\/strong> : 100mL<\/p>\n<p><strong>C\u00e9page<\/strong> : Sauvignon Blanc<\/p>\n<p><strong>Mill\u00e9sime<\/strong> : 2024<\/p>\n<p><strong>Pays<\/strong> : France<\/p>\n<p><strong>D\u00e9nomination<\/strong> : AOP Bordeaux<\/p>\n<p><strong>Alcool<\/strong> : 12.5% vol.<\/p>\n<p><strong>R\u00e9gion<\/strong> : Nouvelle Aquitaine<\/p>[\/et_pb_text][\/et_pb_column][\/et_pb_row][et_pb_row column_structure=\u00a0\u00bb1_2,1_2&Prime; _builder_version=\u00a0\u00bb4.27.0&Prime; _module_preset=\u00a0\u00bbdefault\u00a0\u00bb min_height=\u00a0\u00bb220.5px\u00a0\u00bb custom_margin=\u00a0\u00bb28px|auto||auto||\u00a0\u00bb custom_padding=\u00a0\u00bb0px|||||\u00a0\u00bb global_colors_info=\u00a0\u00bb{}\u00a0\u00bb][et_pb_column type=\u00a0\u00bb1_2&Prime; _builder_version=\u00a0\u00bb4.27.0&Prime; _module_preset=\u00a0\u00bbdefault\u00a0\u00bb global_colors_info=\u00a0\u00bb{}\u00a0\u00bb][et_pb_text _builder_version=\u00a0\u00bb4.27.0&Prime; _module_preset=\u00a0\u00bbdefault\u00a0\u00bb min_height=\u00a0\u00bb29px\u00a0\u00bb custom_margin=\u00a0\u00bb||12px|||\u00a0\u00bb global_colors_info=\u00a0\u00bb{}\u00a0\u00bb]<h1>Valeurs Nutritionnelles<\/h1>[\/et_pb_text][et_pb_image src=\u00a0\u00bbhttps:\/\/witfrance.com\/wp-content\/uploads\/2025\/01\/Capture-decran-2025-01-16-105303.png\u00a0\u00bb title_text=\u00a0\u00bbCapture d\u2019\u00e9cran 2025-01-16 105303&Prime; _builder_version=\u00a0\u00bb4.27.0&Prime; _module_preset=\u00a0\u00bbdefault\u00a0\u00bb width=\u00a0\u00bb80%\u00a0\u00bb global_colors_info=\u00a0\u00bb{}\u00a0\u00bb][\/et_pb_image][\/et_pb_column][et_pb_column type=\u00a0\u00bb1_2&Prime; _builder_version=\u00a0\u00bb4.27.0&Prime; _module_preset=\u00a0\u00bbdefault\u00a0\u00bb global_colors_info=\u00a0\u00bb{}\u00a0\u00bb][et_pb_text _builder_version=\u00a0\u00bb4.27.0&Prime; _module_preset=\u00a0\u00bbdefault\u00a0\u00bb global_colors_info=\u00a0\u00bb{}\u00a0\u00bb custom_padding=\u00a0\u00bb0px|||||\u00a0\u00bb]<p>\u00a0Ingr\u00e9dients :\u00a0<\/p>\n<p><span data-olk-copy-source=\"MessageBody\">Raisin, <\/span><span>Saccharose, <\/span><span>Anhydride sulfureux, <\/span><span>Bisulfite de potassium<\/span><\/p>\n<p>Mise en bouteille sous atmosph\u00e8re protectrice.<span><\/span><\/p>\n<p>&nbsp;<\/p>[\/et_pb_text][\/et_pb_column][\/et_pb_row][\/et_pb_section]\n","protected":false},"excerpt":{"rendered":"<p>Tutiac AOP Bordeaux, Sauvignon Blanc 2024Quantit\u00e9 : 100mL C\u00e9page : Sauvignon Blanc Mill\u00e9sime : 2024 Pays : France D\u00e9nomination : AOP Bordeaux Alcool : 12.5% vol. R\u00e9gion : Nouvelle AquitaineValeurs Nutritionnelles\u00a0Ingr\u00e9dients :\u00a0 Raisin, Saccharose, Anhydride sulfureux, Bisulfite de potassium Mise en bouteille sous atmosph\u00e8re protectrice. &nbsp;<\/p>","protected":false},"author":2,"featured_media":0,"parent":0,"menu_order":0,"comment_status":"closed","ping_status":"closed","template":"","meta":{"_et_pb_use_builder":"on","_et_pb_old_content":"","_et_gb_content_width":"","om_disable_all_campaigns":false,"inline_featured_image":false,"_monsterinsights_skip_tracking":false,"_monsterinsights_sitenote_active":false,"_monsterinsights_sitenote_note":"","_monsterinsights_sitenote_category":0,"_uf_show_specific_survey":0,"_uf_disable_surveys":false,"footnotes":""},"class_list":["post-1441","page","type-page","status-publish","hentry"],"yoast_head":"<!-- This site is optimized with the Yoast SEO plugin v26.8 - https:\/\/yoast.com\/product\/yoast-seo-wordpress\/ -->\n<title>Valeurs Nutritionnelles Tutiac 2024 - WIT France<\/title>\n<meta name=\"robots\" content=\"index, follow, max-snippet:-1, max-image-preview:large, max-video-preview:-1\" \/>\n<link rel=\"canonical\" href=\"https:\/\/witfrance.com\/en\/1441-2\/\" \/>\n<meta property=\"og:locale\" content=\"en_US\" \/>\n<meta property=\"og:type\" content=\"article\" \/>\n<meta property=\"og:title\" content=\"Valeurs Nutritionnelles Tutiac 2024 - WIT France\" \/>\n<meta property=\"og:description\" content=\"CEOCEOCEOCEOCEOCEOCEOCEOCEOCEOCEO\" \/>\n<meta property=\"og:url\" content=\"https:\/\/witfrance.com\/en\/1441-2\/\" \/>\n<meta property=\"og:site_name\" content=\"WIT France\" \/>\n<meta property=\"article:modified_time\" content=\"2025-03-19T10:14:58+00:00\" \/>\n<meta name=\"twitter:card\" content=\"summary_large_image\" \/>\n<meta name=\"twitter:label1\" content=\"Est. reading time\" \/>\n\t<meta name=\"twitter:data1\" content=\"1 minute\" \/>\n<script type=\"application\/ld+json\" class=\"yoast-schema-graph\">{\"@context\":\"https:\/\/schema.org\",\"@graph\":[{\"@type\":\"WebPage\",\"@id\":\"https:\/\/witfrance.com\/1441-2\/\",\"url\":\"https:\/\/witfrance.com\/1441-2\/\",\"name\":\"Valeurs Nutritionnelles Tutiac 2024 - WIT France\",\"isPartOf\":{\"@id\":\"https:\/\/witfrance.com\/#website\"},\"datePublished\":\"2025-01-16T10:05:40+00:00\",\"dateModified\":\"2025-03-19T10:14:58+00:00\",\"breadcrumb\":{\"@id\":\"https:\/\/witfrance.com\/1441-2\/#breadcrumb\"},\"inLanguage\":\"en-US\",\"potentialAction\":[{\"@type\":\"ReadAction\",\"target\":[\"https:\/\/witfrance.com\/1441-2\/\"]}]},{\"@type\":\"BreadcrumbList\",\"@id\":\"https:\/\/witfrance.com\/1441-2\/#breadcrumb\",\"itemListElement\":[{\"@type\":\"ListItem\",\"position\":1,\"name\":\"Accueil\",\"item\":\"https:\/\/witfrance.com\/\"},{\"@type\":\"ListItem\",\"position\":2,\"name\":\"Valeurs Nutritionnelles Tutiac 2024\"}]},{\"@type\":\"WebSite\",\"@id\":\"https:\/\/witfrance.com\/#website\",\"url\":\"https:\/\/witfrance.com\/\",\"name\":\"WIT France\",\"description\":\"\",\"potentialAction\":[{\"@type\":\"SearchAction\",\"target\":{\"@type\":\"EntryPoint\",\"urlTemplate\":\"https:\/\/witfrance.com\/?s={search_term_string}\"},\"query-input\":{\"@type\":\"PropertyValueSpecification\",\"valueRequired\":true,\"valueName\":\"search_term_string\"}}],\"inLanguage\":\"en-US\"}]}<\/script>\n<!-- \/ Yoast SEO plugin. -->","yoast_head_json":{"title":"Valeurs Nutritionnelles Tutiac 2024 - WIT France","robots":{"index":"index","follow":"follow","max-snippet":"max-snippet:-1","max-image-preview":"max-image-preview:large","max-video-preview":"max-video-preview:-1"},"canonical":"https:\/\/witfrance.com\/en\/1441-2\/","og_locale":"en_US","og_type":"article","og_title":"Valeurs Nutritionnelles Tutiac 2024 - WIT France","og_description":"CEOCEOCEOCEOCEOCEOCEOCEOCEOCEOCEO","og_url":"https:\/\/witfrance.com\/en\/1441-2\/","og_site_name":"WIT France","article_modified_time":"2025-03-19T10:14:58+00:00","twitter_card":"summary_large_image","twitter_misc":{"Est. reading time":"1 minute"},"schema":{"@context":"https:\/\/schema.org","@graph":[{"@type":"WebPage","@id":"https:\/\/witfrance.com\/1441-2\/","url":"https:\/\/witfrance.com\/1441-2\/","name":"Valeurs Nutritionnelles Tutiac 2024 - WIT France","isPartOf":{"@id":"https:\/\/witfrance.com\/#website"},"datePublished":"2025-01-16T10:05:40+00:00","dateModified":"2025-03-19T10:14:58+00:00","breadcrumb":{"@id":"https:\/\/witfrance.com\/1441-2\/#breadcrumb"},"inLanguage":"en-US","potentialAction":[{"@type":"ReadAction","target":["https:\/\/witfrance.com\/1441-2\/"]}]},{"@type":"BreadcrumbList","@id":"https:\/\/witfrance.com\/1441-2\/#breadcrumb","itemListElement":[{"@type":"ListItem","position":1,"name":"Accueil","item":"https:\/\/witfrance.com\/"},{"@type":"ListItem","position":2,"name":"Valeurs Nutritionnelles Tutiac 2024"}]},{"@type":"WebSite","@id":"https:\/\/witfrance.com\/#website","url":"https:\/\/witfrance.com\/","name":"WIT France","description":"","potentialAction":[{"@type":"SearchAction","target":{"@type":"EntryPoint","urlTemplate":"https:\/\/witfrance.com\/?s={search_term_string}"},"query-input":{"@type":"PropertyValueSpecification","valueRequired":true,"valueName":"search_term_string"}}],"inLanguage":"en-US"}]}},"_links":{"self":[{"href":"https:\/\/witfrance.com\/en\/wp-json\/wp\/v2\/pages\/1441","targetHints":{"allow":["GET"]}}],"collection":[{"href":"https:\/\/witfrance.com\/en\/wp-json\/wp\/v2\/pages"}],"about":[{"href":"https:\/\/witfrance.com\/en\/wp-json\/wp\/v2\/types\/page"}],"author":[{"embeddable":true,"href":"https:\/\/witfrance.com\/en\/wp-json\/wp\/v2\/users\/2"}],"replies":[{"embeddable":true,"href":"https:\/\/witfrance.com\/en\/wp-json\/wp\/v2\/comments?post=1441"}],"version-history":[{"count":8,"href":"https:\/\/witfrance.com\/en\/wp-json\/wp\/v2\/pages\/1441\/revisions"}],"predecessor-version":[{"id":1458,"href":"https:\/\/witfrance.com\/en\/wp-json\/wp\/v2\/pages\/1441\/revisions\/1458"}],"wp:attachment":[{"href":"https:\/\/witfrance.com\/en\/wp-json\/wp\/v2\/media?parent=1441"}],"curies":[{"name":"wp","href":"https:\/\/api.w.org\/{rel}","templated":true}]}}